{"id":965,"date":"2023-06-27T09:48:07","date_gmt":"2023-06-27T07:48:07","guid":{"rendered":"https:\/\/www.refine.direct\/?page_id=965"},"modified":"2024-07-02T17:15:07","modified_gmt":"2024-07-02T15:15:07","slug":"assessment-del-legittimo-interesse","status":"publish","type":"page","link":"https:\/\/www.refine.direct\/it\/assessment-del-legittimo-interesse\/","title":{"rendered":"Assessment del Legittimo Interesse"},"content":{"rendered":"<p><small><center><em>V. n. 2 del 02 luglio 2024<\/em><\/center><\/small><\/p>\n<p>Questa pagina \u00e8 di propriet\u00e0 di Refine Direct S.r.l., con sede legale in Viale Monza 265, 20126 \u2013 Milano, P. IVA 09419240966 (di seguito, \u201c<strong>Refine<\/strong>\u201d o \u201c<strong>Noi<\/strong>\u201d) e mira ad illustrare il fatto che il trattamento successivo dei dati raccolti tramite cookie e\/o altri strumenti di tracciamento utilizzati da Refine, da Noi effettuata sulla base del nostro legittimo interesse, \u00e8 comunicato agli interessati e si basa su una precedente valutazione dell\u2019interesse legittimo, come richiesto dal \u201c<em>Transparency &#038; Consent Framework (TCF)<\/em>\u201d di IAB Europe (di seguito, \u201c<strong>TCF<\/strong>\u201d).<\/p>\n<p>In qualit\u00e0 di titolari del trattamento ai sensi del TCF, ci viene richiesto di giustificare il trattamento dei dati personali effettuato sulla base del nostro interesse legittimo per la \u201c<em>Finalit\u00e0 Speciale 1 &#8211; Garantire la sicurezza, prevenire e rilevare frodi, correggere errori<\/em>\u201d e per la \u201c<em>Finalit\u00e0 Speciale 2 &#8211; Fornire e presentare pubblicit\u00e0 e contenuto<\/em>\u201d e per la \u201c<em>Finalit\u00e0 Speciale 3 &#8211; Salvare e comunicare le scelte sulla privacy<\/em>\u201d. Nella valutazione dell&#8217;interesse legittimo di Refine, sono stati presi in considerazione gli interessi di Refine, nonch\u00e9 gli interessi dei nostri editori e dei nostri inserzionisti (e dei loro intermediari e agenzie).<\/p>\n<p>In particolare, le tabelle di seguito riassumono la valutazione dell\u2019interesse legittimo effettuata da Refine.<\/p>\n<style>\n  table.vtop td {\n    vertical-align: top;\n  }\n<\/style>\n<table class=\"vtop\">\n<tr>\n<td>\nFINALITA&#8217; SPECIALE\n    <\/td>\n<td>\nFINALIT\u00c0 SPECIALE 1 &#8211; GARANTIRE LA SICUREZZA, PREVENIRE E RILEVARE FRODI, CORREGGERE ERRORI\n    <\/td>\n<\/tr>\n<tr>\n<td rowspan=\"2\">\nTEST SULLA FINALIT\u00c0\n    <\/td>\n<td>\n<strong>Contesto del trattamento.<\/strong> I soggetti interessati sono avvisati, circa il trattamento successivo dei loro dati personali e sulla base giuridica in base alla quale Refine tratta i dati, tramite la Consent Management Platform (\u201c<strong>CMP<\/strong>\u201d), vale a dire la piattaforma di raccolta del consenso collegata al TCF, utilizzata dai nostri editori e\/o inserzionisti sui loro siti web e\/o app mobile (\u201c<strong>Sito<\/strong>\u201d).<br \/>\nCome richiesto dalla legge applicabile e dal TCF, Refine ha effettuato un previo bilanciamento nel quale \u00e8 stato confermato che, previo ottenimento del consenso dell\u2019interessato per la \u201c<em>Finalit\u00e0 1 &#8211; Archiviare informazioni su dispositivo e\/o accedervi<\/em>\u201d, il trattamento successivo per il perseguimento della Finalit\u00e0 Speciale 1 successiva non comporta alcun impatto negativo sugli interessi o sui diritti fondamentali e le libert\u00e0 dei soggetti interessati.\n    <\/td>\n<\/tr>\n<tr>\n<td>\n<strong>Finalit\u00e0 del trattamento.<\/strong><br \/>\nI dati raccolti tramite cookie e\/o altri strumenti di tracciamento saranno successivamente trattati da Refine solo per:<\/p>\n<p>\u2022\tMonitorare e prevenire attivit\u00e0 insolite e possibilmente fraudolente (ad esempio, evitare che i click su annunci derivino dall\u2019uso di bot).<br \/>\n\u2022\tGarantire il corretto funzionamento e la sicurezza dei nostri sistemi e processi.<br \/>\n\u2022\tCorreggere eventuali problemi che Noi (o i nostri clienti o fornitori) potremmo riscontrare nell\u2019erogazione degli annunci.<br \/>\nSia Refine che gli inserzionisti beneficeranno dalla prevenzione e dal rilevamento delle frodi (ad esempio, questo tipo di trattamento eviter\u00e0 agli inserzionisti di pagare per annunci che non sono stati visualizzati n\u00e9 cliccati da interessati reali). Sia Refine che gli editori beneficeranno dalla correzione degli errori riscontrati, in quanto ci\u00f2 aumenter\u00e0 la possibilit\u00e0 di monetizzare i Siti degli editori senza perdere traffico valido. Inoltre, anche l\u2019utente trarr\u00e0 vantaggio dal trattamento in questione, poich\u00e9 Refine sar\u00e0 in grado di garantire la trasmissione sicura dei dati e di correggere eventuali problemi che l\u2019interessato riscontra nella visualizzazione di un annuncio o nella sua interazione con l&#8217;annuncio.\n    <\/td>\n<\/tr>\n<tr>\n<td>\n<strong>TEST SULLA NECESSIT\u00c0<\/strong>\n    <\/td>\n<td>\nIl trattamento in oggetto \u00e8 necessario e proporzionato per le finalit\u00e0 e gli interessi sopra indicati, considerando che Refine non \u00e8 autorizzato a trattare i dati per nessun\u2019altra operazione di trattamento dei dati consentita ai sensi di una diversa finalit\u00e0 del TCF (come, ad esempio, migliorare il proprio sistema). Non esistono alternative meno invasive che utilizzino meno o nessun dato personale, poich\u00e9 l&#8217;uso dei dati personali \u00e8 necessario per perseguire la finalit\u00e0 specificata.\n    <\/td>\n<\/tr>\n<tr>\n<td>\n<strong>TEST DI BILANCIAMENTO<\/strong>\n    <\/td>\n<td>\nTenendo conto della natura e delle finalit\u00e0 del trattamento, \u00e8 possibile affermare che i rischi per i diritti e le libert\u00e0 fondamentali degli interessati sono molto bassi. In particolare, tra gli altri, Refine valuta i seguenti aspetti:<br \/>\n&#8211;\t<strong>Natura dei dati:<\/strong> non vengono trattati dati personali appartenenti a categorie particolari. Inoltre, i dati non contengono informazioni precise sulla posizione n\u00e9 informazioni demografiche. I dati trattati sono pseudonimizzati, pertanto presentano un minor rischio per la protezione dei dati degli interessati stessi, considerando che Refine non conosce la vera identit\u00e0 di un soggetto interessato;<br \/>\n&#8211;\t<strong>Caratteristiche degli interessati:<\/strong> Refine non raccoglie volontariamente dati relativi a popolazioni vulnerabili (come i minori);<br \/>\n&#8211;\t<strong>Aspettative ragionevoli del soggetto interessato:<\/strong> una persona ragionevole si aspetterebbe il trattamento dei dati alla luce delle circostanze del caso di specie. Inoltre, gli interessati sono informati sul trattamento attraverso le interfacce delle CMP;<br \/>\n&#8211;\t<strong>Effetti sulla disponibilit\u00e0 del servizio:<\/strong> l&#8217;attivit\u00e0 di trattamento svolta da Refine non ha alcun effetto sulla disponibilit\u00e0 del servizio offerto agli utenti dall\u2019editore del Sito.<\/p>\n<p>Ci sono anche altri fattori mitiganti:<br \/>\n&#8211;\tIl Considerando 47 del Regolamento EU 2016\/679 afferma esplicitamente che la prevenzione delle frodi e il marketing diretto possono rappresentare interessi legittimi del titolare del trattamento;<br \/>\n&#8211;\tLa prevenzione delle frodi, l\u2019uso improprio dei servizi, la sicurezza informatica e la sicurezza della rete sono alcuni dei contesti pi\u00f9 comuni in cui pu\u00f2 sorgere la questione relativa alla sussistenza di un interesse legittimo secondo il Gruppo di lavoro Articolo 29 (Opinione 06\/2014 sull&#8217;interesse legittimo);<br \/>\n&#8211;\tSecondo il \u201c<em>Report of the work undertaken by the Cookie Banner Taskforce<\/em>\u201d, adottato dall\u2019<em>European Data Protection Board<\/em> il 17 gennaio 2023, \u201c<em>Concerning the subsequent processing activities undertaken by the controller of data, meaning the processing which takes place after storing or gaining access to information stored in the terminal equipment of a user in accordance with Article 5(3) Directive 2002\/58\/EC (for example, the placement or reading of cookies), the delegations confirmed that the applicable framework is the GDPR (including to consent, even if given at the same moment of the placement of cookies, as far as this consent constitutes the legal basis of the subsequent processing), in line with the conclusions of EDPB Opinion 5\/2019 on the interplay between the ePrivacy Directive and the GDPR<\/em>\u201d.<\/p>\n<p>Anche se gli utenti finali non possono esercitare il \u201cDiritto di Opposizione\u201d al perseguimento di questo legittimo interesse (tenuto conto che il \u201cDiritto di Opposizione\u201d alla Finalit\u00e0 Speciale 1 in oggetto non \u00e8 tecnicamente supportato dal TCF), gli utenti sono sempre liberi di revocare il loro consenso alla \u201cFinalit\u00e0 1\u201d, e ci\u00f2 significherebbe per Refine l\u2019interruzione di qualsiasi raccolta di dati effettuata tramite l\u2019uso di cookie e\/o altri strumenti di tracciamento e qualsiasi successivo trattamento.\n    <\/td>\n<\/tr>\n<\/table>\n<p><center>***<\/center><\/p>\n<table class=\"vtop\">\n<tr>\n<td>\nFINALITA&#8217; SPECIALE\n    <\/td>\n<td>\nFINALIT\u00c0 SPECIALE 2 &#8211; FORNIRE E PRESENTARE PUBBLICIT\u00c0 E CONTENUTO\n    <\/td>\n<\/tr>\n<tr>\n<td rowspan=\"2\">\nTEST SULLA FINALIT\u00c0\n    <\/td>\n<td>\n<strong>Contesto del trattamento.<\/strong> I soggetti interessati sono avvisati, circa il trattamento successivo dei loro dati personali e sulla base giuridica in base alla quale Refine tratta i dati, tramite la CMP, vale a dire la piattaforma di raccolta del consenso collegata al TCF, utilizzata dai nostri editori e\/o inserzionisti sui loro Siti.<br \/>\nCome richiesto dalla legge applicabile e dal TCF, Refine ha effettuato un previo bilanciamento nel quale \u00e8 stato confermato che, previo ottenimento del consenso dell\u2019interessato per la \u201c<em>Finalit\u00e0 1 &#8211; Archiviare informazioni su dispositivo e\/o accedervi<\/em>\u201d, il trattamento successivo per il perseguimento delle Finalit\u00e0 Speciale 2 successiva non comporta alcun impatto negativo sugli interessi o sui diritti fondamentali e le libert\u00e0 dei soggetti interessati.\n    <\/td>\n<\/tr>\n<tr>\n<td>\n<strong>Finalit\u00e0 del trattamento.<\/strong><br \/>\nRefine tratter\u00e0 determinate informazioni (come un indirizzo IP), raccolte tramite cookie e\/o altri strumenti di tracciamento, per garantire la compatibilit\u00e0 tecnica della pubblicit\u00e0 e facilitare l\u2019erogazione dell\u2019annuncio al dispositivo dell\u2019utente. In particolare, tali informazioni saranno utilizzate da Refine al fine di:<\/p>\n<p>\u2022\tRicevere e rispondere a una richiesta di annuncio (cd. ad request) o a un\u2019interazione dell\u2019utente con l\u2019annuncio;<br \/>\n\u2022\tErogare l\u2019annuncio a un indirizzo IP o consentire all\u2019utente di accedere a una pagina di destinazione; e<br \/>\n\u2022\tRegistrare l\u2019erogazione di un annuncio, senza registrare alcun dato personale sull\u2019interessato.<br \/>\nSia Refine che gli inserzionisti beneficiano dell\u2019attivit\u00e0 di trattamento in questione, poich\u00e9 Refine sar\u00e0 in grado di erogare gli annunci come richiesto dagli inserzionisti. Allo stesso tempo, essere in grado di erogare l\u2019annuncio agli interessati porter\u00e0 vantaggi agli editori, poich\u00e9 la loro intenzione \u00e8 di monetizzare gli spazi pubblicitari disponibili nei Siti. Infine, anche gli interessati trarranno beneficio da queste attivit\u00e0 di trattamento, poich\u00e9 Refine sar\u00e0 in grado di fornire una risposta a una richiesta proveniente dai dispositivi degli interessati (come un click su un annuncio).\n    <\/td>\n<\/tr>\n<tr>\n<td>\n<strong>TEST SULLA NECESSIT\u00c0<\/strong>\n    <\/td>\n<td>\nIl trattamento in oggetto \u00e8 necessario e proporzionato le finalit\u00e0 e gli interessi indicati in precedenza, considerando che a Refine non \u00e8 consentito utilizzare i dati per nessun&#8217;altra operazione di trattamento dei dati consentita in base una diversa finalit\u00e0 del TCF (come, ad esempio, registrare dati personali sull&#8217;utente a cui \u00e8 stato erogato un annuncio). Non esistono alternative meno invasive che utilizzino meno o nessun dato personale, poich\u00e9 l&#8217;uso dei dati personali \u00e8 necessario per perseguire la finalit\u00e0 specificata.\n    <\/td>\n<\/tr>\n<tr>\n<td>\n<strong>TEST DI BILANCIAMENTO<\/strong>\n    <\/td>\n<td>\nTenendo conto della natura e delle finalit\u00e0 del trattamento, \u00e8 possibile affermare che i rischi per i diritti e le libert\u00e0 fondamentali degli interessati sono molto bassi. In particolare, tra gli altri, Refine valuta i seguenti aspetti:<br \/>\n&#8211;\t<strong>Natura dei dati:<\/strong> non vengono trattati dati personali appartenenti a categorie particolari o relativi a condanne penali e reati. Inoltre, i dati non contengono informazioni precise sulla posizione n\u00e9 informazioni demografiche. I dati trattati sono pseudonimizzati, pertanto presentano un minor rischio per la protezione dei dati degli interessati stessi, considerando che Refine non conosce la vera identit\u00e0 di un soggetto interessato;<br \/>\n&#8211;\t<strong>Caratteristiche degli interessati:<\/strong> Refine non raccoglie volontariamente dati relativi a popolazioni vulnerabili (come i minori);<br \/>\n&#8211;\t<strong>Aspettative ragionevoli del soggetto interessato:<\/strong> una persona ragionevole si aspetterebbe il trattamento dei dati alla luce delle circostanze del caso di specie. Inoltre, gli interessati sono informati sul trattamento attraverso le interfacce delle CMP;<br \/>\n&#8211;\t<strong>Effetti sulla disponibilit\u00e0 del servizio:<\/strong> l&#8217;attivit\u00e0 di trattamento svolta da Refine non ha alcun effetto sulla disponibilit\u00e0 del servizio offerto agli utenti dall\u2019editore del Sito.<\/p>\n<p>Ci sono anche altri fattori mitiganti:<br \/>\n&#8211;\tIl Considerando 47 del Regolamento EU 2016\/679 afferma esplicitamente che la prevenzione delle frodi e il marketing diretto possono rappresentare interessi legittimi del titolare del trattamento;<br \/>\n&#8211;\tLa prevenzione delle frodi, l\u2019uso improprio dei servizi, la sicurezza informatica e la sicurezza della rete sono alcuni dei contesti pi\u00f9 comuni in cui pu\u00f2 sorgere la questione relativa alla sussistenza di un interesse legittimo secondo il Gruppo di lavoro Articolo 29 (Opinione 06\/2014 sull&#8217;interesse legittimo);<br \/>\n&#8211;\tSecondo il \u201c<em>Report of the work undertaken by the Cookie Banner Taskforce<\/em>\u201d, adottato dall\u2019<em>European Data Protection Board<\/em> il 17 gennaio 2023, \u201c<em>Concerning the subsequent processing activities undertaken by the controller of data, meaning the processing which takes place after storing or gaining access to information stored in the terminal equipment of a user in accordance with Article 5(3) Directive 2002\/58\/EC (for example, the placement or reading of cookies), the delegations confirmed that the applicable framework is the GDPR (including to consent, even if given at the same moment of the placement of cookies, as far as this consent constitutes the legal basis of the subsequent processing), in line with the conclusions of EDPB Opinion 5\/2019 on the interplay between the ePrivacy Directive and the GDPR<\/em>\u201d.<\/p>\n<p>Anche se gli utenti finali non possono esercitare il \u201cDiritto di Opposizione\u201d al perseguimento di questo legittimo interesse (tenuto conto che il \u201cDiritto di Opposizione\u201d alla Finalit\u00e0 Speciale 2 in oggetto non \u00e8 tecnicamente supportato dal TCF), gli utenti sono sempre liberi di revocare il loro consenso alla \u201cFinalit\u00e0 1\u201d, e ci\u00f2 significherebbe per Refine l\u2019interruzione di qualsiasi raccolta di dati effettuata tramite l\u2019uso di cookie e\/o altri strumenti di tracciamento e qualsiasi successivo trattamento.\n    <\/td>\n<\/tr>\n<\/table>\n<p><center>***<\/center><\/p>\n<table class=\"vtop\">\n<tr>\n<td>\nFINALITA&#8217; SPECIALE\n    <\/td>\n<td>\nFINALIT\u00c0 SPECIALE 3 &#8211; SALVARE E COMUNICARE LE SCELTE SULLA PRIVACY\n    <\/td>\n<\/tr>\n<tr>\n<td rowspan=\"2\">\nTEST SULLA FINALIT\u00c0\n    <\/td>\n<td>\n<strong>Contesto del trattamento.<\/strong> Gli interessati dal trattamento sono avvisati, circa il trattamento e della base giuridica in base alla quale Refine tratta le preferenze espresse dagli utenti riguardo al trattamento dei dati, tramite la CMP sui Siti. Come richiesto dalla legge applicabile e dal TCF, Refine ha effettuato un test di bilanciamento in cui \u00e8 stato confermato che il trattamento per la Finalit\u00e0 Speciale 3 in questione non comporta alcun rischio di impatto negativo sugli interessi o sui diritti e le libert\u00e0 fondamentali degli interessati.\n    <\/td>\n<\/tr>\n<tr>\n<td>\n<strong>Finalit\u00e0 del trattamento.<\/strong><br \/>\nLa sentenza della CGUE nel caso C-604\/22 (IAB Europe vs APD) stabilisce che la TC String pu\u00f2 costituire dato personale se pu\u00f2 essere associata ad altri dati che possono rendere possibile identificare l&#8217;individuo interessato e se Refine ha mezzi ragionevoli per identificare una persona fisica specifica da una TC String, quando associata a informazioni identificabili. La memorizzazione e la comunicazione delle scelte privacy degli utenti sotto forma di TC String nel contesto del TCF viene effettuata con lo scopo di garantire e poter dimostrare che gli utenti hanno espresso una scelta (ad esempio, acconsentito al trattamento dei loro dati personali per varie finalit\u00e0 e\/o <em>vendor<\/em>).\n    <\/td>\n<\/tr>\n<tr>\n<td>\n<strong>TEST SULLA NECESSIT\u00c0<\/strong>\n    <\/td>\n<td>\nIl trattamento previsto \u00e8 necessario e proporzionato allo scopo anzidetto, considerando che Refine, secondo il GDPR (art. 6), cos\u00ec come in base alla Direttiva e-Privacy, come attuata in Italia (art. 122 Codice Privacy, e alle Linee Guida del Garante per la Protezione dei Dati Personali (\u201c<em>Linee guida sull&#8217;uso dei cookie e di altri strumenti di tracciamento &#8211; 10 giugno 2021<\/em>\u201d) non \u00e8 autorizzata a trattare i dati a meno che gli utenti abbiano espresso il proprio consenso a memorizzare e\/o accedere alle informazioni su un dispositivo (secondo la \u201c<em>Finalit\u00e0 1 &#8211; Archiviare informazioni su dispositivo e\/o accedervi<\/em>\u201d) e Refine \u00e8 in grado di dimostrare di aver ottenuto detto consenso. \u00c8 inoltre necessario che l&#8217;utente non sia chiamato a compiere le sue scelte ogni volta che entra in un Sito dell\u2019editore.<br \/>\nNon ci sono alternative meno intrusive che utilizzano meno o nessun dato personale, poich\u00e9 l&#8217;uso di dati personali \u00e8 necessario per dimostrare che un utente ha espresso una scelta specifica. La TC String contiene solo informazioni strettamente necessarie per raggiungere lo scopo previsto di memorizzare, comunicare e osservare le scelte privacy degli utenti.\n    <\/td>\n<\/tr>\n<tr>\n<td>\n<strong>TEST DI BILANCIAMENTO<\/strong>\n    <\/td>\n<td>\nTenendo conto della natura e della finalit\u00e0 del trattamento, \u00e8 possibile affermare che i rischi per gli interessati relativi ai loro diritti e libert\u00e0 sono molto bassi. In particolare, tra gli altri, Refine valuta i seguenti aspetti:<br \/>\n&#8211;\t<strong>Natura dei dati:<\/strong> non vengono trattati dati personali appartenenti a categorie particolari o relativi a condanne penali e reati. Inoltre, la TC String \u00e8 una stringa di caratteri che rappresenta scelte privacy astratte dell&#8217;utente senza attribuirle direttamente a un utente specifico;<br \/>\n&#8211;\t<strong>Caratteristiche degli interessati:<\/strong> Refine non raccoglie volontariamente dati relativi a relativi a soggetti vulnerabili (come i bambini);<br \/>\n&#8211;\t<strong>Aspettative ragionevoli del soggetto interessato:<\/strong> una persona ragionevole si aspetterebbe il trattamento alla luce del fatto che gli editori richiedono agli utenti di esprimere le loro scelte, anche per conto di Refine, e sia Refine che gli editori devono essere in grado di dimostrare di aver registrato le scelte espresse. Inoltre, gli utenti sono informati del trattamento tramite le interfacce delle CMP;<br \/>\n&#8211;\t<strong>Probabilit\u00e0 di qualsiasi rischio:<\/strong> la TC String stesso non presenta particolari rischi per la privacy degli interessati, poich\u00e9 riflette semplicemente le loro scelte privacy.<\/p>\n<p>Il \u201cDiritto di Opposizione\u201d al perseguimento della Finalit\u00e0 Speciale 3 non \u00e8 tecnicamente supportato dal TCF. Refine stessa valuta che gli utenti finali non possono esercitare il \u201cDiritto di Opposizione\u201d al perseguimento di tale finalit\u00e0 del trattamento tenuto conto che:<br \/>\n&#8211;\t\u00e8 necessario garantire la corretta registrazione delle scelte privacy degli utenti. Se le scelte degli utenti non vengono registrate, gli utenti sono tenuti a esprimere le loro scelte ogni volta che entrano nel Sito dell&#8217;editore (un onere che comporterebbe probabilmente altri problemi, dato che gli utenti non possono essere continuamente sollecitati ad esprimere le loro scelte, secondo l&#8217;EDPB ed in base alle linee guida del Garante per la Protezione dei Dati Personali);<br \/>\n&#8211;\til trattamento delle scelte privacy degli utenti \u00e8 necessario ai sensi degli articoli 5 e 6 del GDPR e dell\u2019articolo 122 del Codice Privacy. Le informazioni devono essere memorizzate in relazione alle scelte privacy degli utenti per poterle rispettare, indipendentemente da quali scelte precisamente l&#8217;utente faccia, inclusa la loro mancata prestazione del consenso.<\/p>\n<p>Anche se gli utenti finali non possono esercitare il \u201cDiritto di Opposizione\u201d, gli utenti sono sempre liberi di eliminare qualsiasi TC String salvata sul loro dispositivo se lo desiderano &#8211; e poi ricevere un&#8217;altra richiesta di consenso la prossima volta che visitano il Sito.\n    <\/td>\n<\/tr>\n<\/table>\n<p>In conclusione, tenuto conto che (A) il TCF prevede tre Special Purposes che Refine persegue al fine di i) essere in grado tecnicamente di erogare gli annunci online ad un indirizzo IP, ii) garantire la sicurezza e correggere gli errori; e iii) rispettare la legge applicabile e le scelte degli utenti; e (B) l\u2019unica base giuridica applicabile a queste Special Purposes secondo il TCF \u00e8 l\u2019interesse legittimo, Refine svolger\u00e0 tali attivit\u00e0 di trattamento (\u201c<em>Finalit\u00e0 Speciale 1 &#8211; Garantire la sicurezza, prevenire e rilevare frodi, correggere errori<\/em>\u201d, \u201c<em>Finalit\u00e0 Speciale 2 &#8211; Fornire e presentare pubblicit\u00e0 e contenuto<\/em>\u201d) e \u201c<em>Finalit\u00e0 Speciale 3 &#8211; Salvare e comunicare le scelte sulla privacy<\/em>\u201d) per soddisfare gli interessi sopra menzionati, per Noi stessi e per soggetti terzi (come gli inserzionisti e gli editori di Refine), nonch\u00e9 per rispettare le scelte degli utenti, considerando che non vi sono rischi o impatti sui soggetti interessati e riteniamo che i nostri interessi prevalgano su quelli dei soggetti interessati.<\/p>\n<p>Per qualsiasi informazione, per esercitare i tuoi diritti o per ottenere ulteriori informazioni o spiegazioni, puoi consultare la nostra &#8220;<a href=\"\/cookie-policy\/\"><em>Informativa relativa all\u2019attivit\u00e0 di digital advertising<\/em><\/a> o contattarci:<\/p>\n<p>\u2022\tinviando una raccomandata a\/r alla nostra sede legale (Viale Monza 265, 20126 &#8211; Milano);<br \/>\n\u2022\tinviando un messaggio di posta elettronica all\u2019indirizzo: richieste_privacy@refine.direct.<\/p>\n<p>Puoi anche contattare il nostro Responsabile della protezione dei dati (DPO), i cui dati di contatto sono i seguenti: indirizzo email dpo@refine.direct.<\/p>\n","protected":false},"excerpt":{"rendered":"<p>V. n. 2 del 02 luglio 2024 Questa pagina \u00e8 di propriet\u00e0 di Refine Direct S.r.l., con sede legale in Viale Monza 265, 20126 \u2013 Milano, P. IVA 09419240966 (di seguito, \u201cRefine\u201d o \u201cNoi\u201d) e mira ad illustrare il fatto che il trattamento successivo dei dati raccolti tramite cookie e\/o altri strumenti di tracciamento utilizzati [&hellip;]<\/p>\n","protected":false},"author":3,"featured_media":0,"parent":0,"menu_order":0,"comment_status":"closed","ping_status":"closed","template":"","meta":{"footnotes":""},"class_list":["post-965","page","type-page","status-publish","hentry"],"_links":{"self":[{"href":"https:\/\/www.refine.direct\/it\/wp-json\/wp\/v2\/pages\/965","targetHints":{"allow":["GET"]}}],"collection":[{"href":"https:\/\/www.refine.direct\/it\/wp-json\/wp\/v2\/pages"}],"about":[{"href":"https:\/\/www.refine.direct\/it\/wp-json\/wp\/v2\/types\/page"}],"author":[{"embeddable":true,"href":"https:\/\/www.refine.direct\/it\/wp-json\/wp\/v2\/users\/3"}],"replies":[{"embeddable":true,"href":"https:\/\/www.refine.direct\/it\/wp-json\/wp\/v2\/comments?post=965"}],"version-history":[{"count":4,"href":"https:\/\/www.refine.direct\/it\/wp-json\/wp\/v2\/pages\/965\/revisions"}],"predecessor-version":[{"id":1136,"href":"https:\/\/www.refine.direct\/it\/wp-json\/wp\/v2\/pages\/965\/revisions\/1136"}],"wp:attachment":[{"href":"https:\/\/www.refine.direct\/it\/wp-json\/wp\/v2\/media?parent=965"}],"curies":[{"name":"wp","href":"https:\/\/api.w.org\/{rel}","templated":true}]}}