{"id":1215,"date":"2025-10-13T14:25:59","date_gmt":"2025-10-13T12:25:59","guid":{"rendered":"https:\/\/www.refine.direct\/?page_id=1215"},"modified":"2025-10-21T10:27:50","modified_gmt":"2025-10-21T08:27:50","slug":"cookie-policy-stat","status":"publish","type":"page","link":"https:\/\/www.refine.direct\/it\/cookie-policy-stat\/","title":{"rendered":"Informativa relativa all\u2019attivit\u00e0 di digital advertising"},"content":{"rendered":"<style>\ntable{width:100%;}\n.pmr p{margin: 1em 0;text-align:justify;}\n.pmr a{color:black;text-decoration:underline;}\n<\/style>\n<div class=\"pmr\">\n<em><small>La presente informativa (versione n. 2 del 21 ottobre 2025) \u00e8 resa da Refine Direct S.r.l. e riguarda le attivit\u00e0 che Refine Direct svolge per la fornitura di servizi di digital advertising ai clienti di Refine Direct stessa.<\/small><\/em><\/p>\n<p><strong>1. INTRODUZIONE \u2013 CHI SIAMO?<\/strong><\/p>\n<p>Gentile Visitatore\/Visitatrice (di seguito, &#8220;<strong>Tu<\/strong>&#8221; o l'&#8221;<strong>Utente<\/strong>&#8220;),<\/p>\n<p>questa pagina \u00e8 di propriet\u00e0 della societ\u00e0 Refine Direct S.r.l., con sede legale in Viale Monza 265, Milano, P. IVA e C.F. 09419240966, iscritta presso il registro delle imprese di Milano con il numero 2089021 (di seguito, la &#8220;<strong>Societ\u00e0<\/strong>&#8220;). La nostra Societ\u00e0 svolge l&#8217;attivit\u00e0 di piattaforma di affiliazione per la monetizzazione di spazi pubblicitari, nonch\u00e8 di <em>digital advertising<\/em>, ovvero erogazione di annunci pubblicitari tramite canali digitali online, tra cui e-mail, social e\/o banner per conto di agenzie e\/o clienti inserzionisti, e relativa misurazione (di seguito, &#8220;<strong>Servizi<\/strong>&#8220;). Pertanto, abbiamo un ruolo di <strong>terza parte<\/strong> rispetto al sito e\/o all&#8217;app mobile di un editore\/inserzionista da cui provieni attualmente (di seguito, il &#8220;<strong>Sito d&#8217;Origine<\/strong>&#8220;).<\/p>\n<p><strong>2. COME CONTATTARCI?<\/strong><\/p>\n<p>Per qualsiasi informazione relativa alla presente informativa, gli Utenti possono contattare la Societ\u00e0 in qualsiasi momento, utilizzando i seguenti metodi:<\/p>\n<p>\u2022 inviando una raccomandata a\/r alla sede legale della Societ\u00e0 (Viale Monza 265, Milano);<br \/>\n\u2022 inviando un messaggio di posta elettronica all&#8217;indirizzo: richieste_privacy@refine.direct.<\/p>\n<p>Puoi anche contattare il <strong>Responsabile della protezione dei dati<\/strong> (<strong>RPD<\/strong> o <strong>DPO<\/strong>) della Societ\u00e0, i cui dati di contatto sono di seguito riportati: indirizzo e-mail dpo@refine.direct.<\/p>\n<p><strong>3. COSA FACCIAMO?<\/strong><\/p>\n<p>Operiamo nel settore della pubblicit\u00e0 digitale, collaborando con editori terzi, agenzie e\/o clienti inserzionisti per l&#8217;erogazione di messaggi pubblicitari rilevanti per chi naviga online nonch\u00e9 per la misurazione delle campagne pubblicitarie effettuate per conto delle agenzie\/clienti inserzionisti.<\/p>\n<p>Poich\u00e9 attraverso i nostri Servizi vengono utilizzati dei c.d. cookie e\/o altri strumenti di tracciamento, similari a cookie, per diverse finalit\u00e0, con questa informativa vogliamo spiegarti cosa sono questi strumenti e come vengono utilizzati.<\/p>\n<p>Alcuni cookie sono veicolati e controllati direttamente dalla Societ\u00e0. Attraverso questi cookie, la Societ\u00e0 raccoglie e tratta alcuni dati personali che ti riguardano. In questa informativa, ai sensi dell&#8217;art. 13 del Regolamento UE 2016\/679 del 27 aprile 2016 relativo alla protezione delle persone fisiche con riguardo al trattamento dei dati personali (di seguito, &#8220;<strong>Regolamento<\/strong>&#8220;) e del D.Lgs. 196\/2003 e ss.mm.ii. (di seguito, &#8220;<strong>Codice<\/strong>&#8221; e, insieme al Regolamento, &#8220;<strong>Normativa Applicabile<\/strong>&#8220;), ti spieghiamo come raccogliamo questi dati, per quali finalit\u00e0 e quali sono i tuoi diritti.<\/p>\n<p>I cookie sono solamente uno degli strumenti utilizzati dai nostri Servizi. Infatti, \u00e8 anche possibile che, sul Sito d&#8217;Origine, siano utilizzati altri strumenti di tracciamento (come pixel, Software Development Kit (cd. SDK), ecc.) utilizzati per il perseguimento delle finalit&agrave; di analisi e misurazione (analisi e monitoraggio delle campagne pubblicitarie erogate, ecc.) come sotto meglio indicato.<\/p>\n<p>Se non hai familiarit\u00e0 con i cookie e\/o gli altri strumenti di tracciamento, ti preghiamo di leggere attentamente questa informativa, cos\u00ec che Tu possa essere consapevole delle tue scelte.<\/p>\n<p><strong>4. QUALI STRUMENTI UTILIZZIAMO<\/strong><\/p>\n<p>Sul Sito d&#8217;Origine, vengono utilizzati gli strumenti di tracciamento relativi al servizio <strong>Display &#038; Video 360<\/strong> (piattaforma di Demand Side Platform (di seguito, &#8220;<strong>Piattaforma<\/strong>&#8220;), fornita alla Societ\u00e0 da Google Ireland Limited con sede a Gordon House, Barrow Street, Dublino 4, Irlanda (di seguito, &#8220;<strong>Google<\/strong>&#8220;)): <a href=\"https:\/\/policies.google.com\/technologies\/cookies\" target=\"_blank\" rel=\"noopener\">pagina informativa<\/a>.<\/p>\n<p><strong>5. BASE GIURIDICA<\/strong><\/p>\n<p>La base giuridica dei trattamenti effettuati per fornire i Servizi, risiede nel preventivo consenso dell&#8217;Utente (art. 6, paragrafo 1, lettera a) del Regolamento.<\/p>\n<p>Come previsto dalla Normativa Applicabile, infatti, per l&#8217;installazione degli strumenti di tracciamento non aventi finalit\u00e0 tecnica \u00e8 richiesto il tuo preventivo consenso. Per questo motivo, quando accedi al Sito d&#8217;Origine viene visualizzato in evidenza un apposito <em>banner<\/em> o, in alcuni casi, una cd. <em>Consent Management Platform<\/em> (di seguito, &#8220;<strong>CMP<\/strong>&#8220;), tramite cui esprimere le tue preferenze.<\/p>\n<p><u>Naturalmente sei libero di non prestare il consenso per l&#8217;installazione degli strumenti di tracciamento di profilazione cos\u00ec come di opporti al loro utilizzo in qualsiasi momento, senza che la possibilit\u00e0 di visitare il Sito d&#8217;Origine e fruire dei suoi contenuti sia in qualsiasi modo compromessa.<\/u><\/p>\n<p>Per testimoniare il suo impegno, Refine Direct S.r.l. fa parte dello IAB Europe Transparency &#038; Consent Framework (di seguito, &#8220;<strong>IAB Framework<\/strong>&#8220;) \u2013 il framework europeo per la trasparenza e la gestione dei consensi \u2013 e rispetta le Specifications e le Policies dello IAB Framework. Il Vendor ID di Refine Direct S.r.l., nel contesto dello IAB Framework, \u00e8 1157. L&#8217;Utente potr\u00e0 consultare ulteriori informazioni relative allo IAB Framework sul <a href=\"https:\/\/iabeurope.eu\/transparency-consent-framework\/\" target=\"_blank\" rel=\"noopener\">sito di IAB Europe<\/a>.<\/p>\n<p>Qualora l&#8217;Utente dovesse esprimere il consenso all&#8217;installazione di cookie e\/o di altri strumenti di tracciamento tramite la CMP, verr\u00e0 tenuta traccia del consenso espresso tramite modalit\u00e0 tecniche legate all&#8217;utilizzo della CMP, che consentano di tenere sempre aggiornata la documentazione delle scelte dell&#8217;Utente nel rispetto della Normativa Applicabile. In quest&#8217;ultimo caso, la Societ\u00e0 potrebbe trattare, a tal fine, metadati relativi alle scelte granulari compiute dall&#8217;Utente: l&#8217;eventuale espressione del consenso, il dettaglio delle finalit\u00e0 granulari per le quali l&#8217;Utente ha prestato il consenso, nonch\u00e9 l&#8217;eventuale scelta dell&#8217;Utente di proseguire nella navigazione mantenendo le impostazioni di default premendo il relativo pulsante previsto dalla CMP sul Sito d&#8217;Origine.<\/p>\n<p><strong>6. FINALIT\u00c0 DEL TRATTAMENTO<\/strong><\/p>\n<p>Utilizziamo i dati raccolti sul Sito d&#8217;Origine per misurare le performance delle campagne erogate dagli editori e\/o dalla Societ\u00e0 stessa e se del caso fornire analisi statistiche in forma aggregata alle agenzie e\/o ai clienti inserzionisti (che pubblicano i contenuti del Sito d&#8217;Origine).<\/p>\n<p><!--In particolare, attraverso la Piattaforma \u00e8 possibile personalizzare la tipologia e la finalit\u00e0 degli strumenti di tracciamento che si intende utilizzare, come meglio dettagliato nella seguente <a href=\"https:\/\/support.google.com\/displayvideo\/answer\/2697097\" target=\"_blank\" rel=\"noopener\">pagina informativa<\/a>.--><\/p>\n<p>Con riferimento ai dati raccolti sul Sito d&#8217;Origine, la Societ\u00e0 ha quindi impostato lo &#8220;strumento di tracciamento&#8221;<!--il \"Tag Google\"-->, esclusivamente per finalit\u00e0 di &#8220;Attivit\u00e0 contatore&#8221;, <strong>escludendo ogni attivit\u00e0 di &#8220;Remarketing&#8221;<\/strong> volta a creare un elenco del segmento di pubblico e aggiungervi utenti automaticamente.<\/p>\n<p><strong>7. COME GESTIRE I COOKIE E\/O GLI ALTRI STRUMENTI DI TRACCIAMENTO SIMILARI ED OPPORTI AL LORO UTILIZZO<\/strong><\/p>\n<p>Ci sono diverse opzioni per gestire, disabilitare e cancellare i cookie e\/o per opporsi all&#8217;utilizzo di strumenti di tracciamento similari. <\/p>\n<p>(A) <strong>Cambia le impostazioni del tuo browser<\/strong><\/p>\n<p>Segui le istruzioni fornite dal produttore del browser che utilizzi per scoprire come gestire, disabilitare o cancellare tutti i cookie:<\/p>\n<p>\u2022 <strong><a href=\"https:\/\/support.microsoft.com\/it-it\/windows\/eliminare-e-gestire-i-cookie-168dab11-0753-043d-7c16-ede5947fc64d\" target=\"_blank\" rel=\"noopener\">Explorer<\/a><\/strong>;<br \/>\n\u2022 <strong><a href=\"https:\/\/support.microsoft.com\/it-it\/help\/4027947\/windows-delete-cookies\" target=\"_blank\" rel=\"noopener\">Edge<\/a><\/strong>;<br \/>\n\u2022 <strong><a href=\"https:\/\/support.google.com\/chrome\/answer\/95647?hl=it\" target=\"_blank\" rel=\"noopener\">Chrome<\/a><\/strong>;<br \/>\n\u2022 <strong><a href=\"https:\/\/support.mozilla.org\/it\/kb\/Attivare%20e%20disattivare%20i%20cookie\" target=\"_blank\" rel=\"noopener\">Firefox<\/a><\/strong>;<br \/>\n\u2022 <strong><a href=\"https:\/\/support.apple.com\/kb\/PH17191?locale=it_IT\" target=\"_blank\" rel=\"noopener\">Safari<\/a><\/strong>;<br \/>\n\u2022 <strong><a href=\"https:\/\/help.opera.com\/en\/latest\/web-preferences\/#cookies\" target=\"_blank\" rel=\"noopener\">Opera<\/a><\/strong>.<\/p>\n<p><a id=\"optout\"><\/a><\/p>\n<p>(B) <strong>Utilizza il sito Internet di <a href=\"www.youronlinechoices.eu\/it\/\" target=\"_blank\" rel=\"noopener\">Your Online Choices<\/a><\/strong><\/p>\n<p>Your Online Choices \u00e8 un sito Internet gestito dall&#8217;associazione non-profit European Interactive Digital Advertising Alliance (EDAA), la cui versione in lingua italiana \u00e8 raggiungibile al seguente <a href=\"http:\/\/www.youronlinechoices.eu\/it\/\" rel=\"noopener\" target=\"_blank\">link<\/a>, che fornisce <a href=\"https:\/\/www.youronlinechoices.com\/it\/a-proposito\" rel=\"noopener\" target=\"_blank\">informazioni sulla pubblicit\u00e0 comportamentale<\/a> basata sui cookie di profilazione e consente agli utenti di Internet di opporsi facilmente (<a href=\"https:\/\/www.youronlinechoices.com\/it\/le-tue-scelte\" rel=\"noopener\" target=\"_blank\">opt-out<\/a>) all&#8217;installazione dei principali cookie di profilazione installati dagli operatori pubblicitari ed utilizzati su siti Internet. Prima di utilizzare questo strumento, ti consigliamo di leggere attentamente le <a href=\"https:\/\/www.youronlinechoices.com\/it\/condizioni-generali-di-servizio\" rel=\"noopener\" target=\"_blank\">condizioni generali di servizio<\/a> del sito Your Online Choices, le domande frequenti (<a href=\"https:\/\/www.youronlinechoices.com\/it\/faqs\" rel=\"noopener\" target=\"_blank\">FAQ<\/a>) e la <a href=\"https:\/\/www.youronlinechoices.com\/it\/help\" rel=\"noopener\" target=\"_blank\">guida per l&#8217;utente<\/a>.<\/p>\n<p>Utilizza consapevolmente Your Online Choices. Sebbene, infatti, Your Online Choices riunisca molte delle pi\u00f9 importanti societ\u00e0 del mondo pubblicitario che utilizzano cookie, alcune delle terze parti che installano cookie attraverso il web potrebbero non aver aderito a Your Online Choices. Pertanto, l&#8217;utilizzo di Your Online Choices non garantisce che si riceveranno cookie di terze parti navigando sul web. Ricordati, inoltre, che eliminando tutti i cookie dal proprio browser, anche i cookie tecnici rilasciati da Your Online Choices per ricordare le tue scelte potrebbero essere eliminati, rendendo nuovamente attivi i cookie di terze parti.<\/p>\n<p>(C) <strong>CMP<\/strong><\/p>\n<p>Per i trattamenti di dati personali che, previo tuo consenso, la Societ\u00e0 pu\u00f2 porre in essere attraverso cookie e\/o altri strumenti installati sul Sito d&#8217;Origine, puoi utilizzare l&#8217;eventuale CMP implementa sul Sito d&#8217;Origine e\/o il diverso meccanismo di raccolta del consenso ivi presente, per la prestazione e, se del caso, la revoca del consenso seguendo le relative indicazioni. Ti ricordiamo che Refine Direct S.r.l. \u00e8 un vendor iscritto allo IAB Framework e, tramite le CMP connesse allo IAB Framework, ti sar\u00e0 sempre possibile effettuare scelte granulari, in termini di prestazione e\/o revoca del consenso gi\u00e0 prestato.<\/p>\n<p><strong>8. MODALIT\u00c0 DI TRATTAMENTO, TRASFERIMENTI DI DATI PERSONALI A UN PAESE TERZO E TEMPI DI CONSERVAZIONE DEI DATI<\/strong><\/p>\n<p>Come evidenziato nella premessa di questa informativa, \u00e8 possibile che la Societ\u00e0 raccolga e tratti alcuni tuoi dati personali attraverso i cookie e\/o altri strumenti di tracciamento che essa veicola direttamente sul Sito d&#8217;Origine. La Societ\u00e0 agisce in qualit\u00e0 di &#8220;titolare del trattamento&#8221; di questi dati, in conformit\u00e0 alle previsioni della Normativa Applicabile. Tratteremo i dati raccolti solo con strumenti elettronici, in maniera totalmente automatizzata e senza intermediazione umana. Pertanto, i nostri dipendenti e collaboratori non accederanno mai al contenuto dei dati personali ottenuti attraverso i cookie e\/o altri strumenti di tracciamento similari, il che significa che non saranno mai in grado di accedere a e\/o avere PII (<em>Personally Identifiable Information<\/em>), cio\u00e8 informazioni da cui sar\u00e0 possibile identificarti direttamente.<br \/>\nAlcuni dei nostri dipendenti e collaboratori, incaricati del trattamento ai sensi dell&#8217;art. 29 del Regolamento, potrebbero effettuare degli interventi di manutenzione sui sistemi informatici che ospitano i dati, senza poter mai accedere al loro effettivo contenuto. I dati personali potrebbero essere memorizzati nei server gestiti da soggetti terzi (es. fornitori di sistemi informatici) o potrebbero essere gestiti da soggetti specializzati nella pubblicit\u00e0 online, che agiscono in qualit\u00e0 di responsabili del trattamento sulla base di un&#8217;apposita nomina per iscritto da parte della Societ\u00e0, ai sensi dell&#8217;art. 28 del Regolamento.<\/p>\n<p>Ti informiamo che, nel rispetto dei presupposti e delle garanzie stabilite dal Regolamento, i tuoi dati potrebbero essere trasferiti in Paesi non appartenenti allo Spazio Economico Europeo (cd. SEE). Tali paesi potrebbero non offrire un livello di tutela della privacy e della protezione dei dati personali paragonabile a quello garantito dalla Normativa Applicabile: la Societ\u00e0, agendo in qualit\u00e0 di titolare del trattamento terr\u00e0 in massima considerazione la sicurezza dei dati e, pertanto, proceder\u00e0 nella gestione di tali trasferimenti con tutte le dovute cautele e garanzie in conformit\u00e0 alla Normativa Applicabile e, in particolare, in conformit\u00e0 agli artt. 45 (<em>Trasferimento sulla base di una decisione di adeguatezza<\/em>) e 46 (<em>Trasferimento soggetto a garanzie adeguate<\/em>) del Regolamento. In particolare, per la fornitura dei servizi di Google, il fornitore della Societ\u00e0, Google Ireland Limited, potrebbe trasferire i dati personali pseudonimi degli Utenti del Sito d&#8217;Origine al di fuori dello SEE, sulla base delle cd. Standard Contractual Clauses o di una Decisione di Adeguatezza: in particolare, verso gli Stati Uniti, i dati verranno trasferiti sulla base della certificazione <a href=\"https:\/\/www.dataprivacyframework.gov\/s\/participant-search\/participant-detail?id=a2zt000000001L5AAI&#038;status=Active\" rel=\"noopener\" target=\"_blank\">Data Privacy Framework che Google LLC ha adottato<\/a> (maggiori informazioni disponibili al seguente <a href=\"https:\/\/business.safety.google\/intl\/it\/adsdatatransfers\/\" rel=\"noopener\" target=\"_blank\">link<\/a>). In considerazione dell&#8217;ambito del trattamento, della natura dei dati trattati e dei rischi del trattamento effettuato dal fornitore, la Societ\u00e0 ha ritenuto idonee le misure di sicurezza che il fornitore garantisce di adottare a protezione dei dati personali;<\/p>\n<p>I tuoi dati personali non saranno comunicati a terzi titolari del trattamento n\u00e9 saranno diffusi.<\/p>\n<p>I tuoi dati personali saranno conservati dalla Societ\u00e0 per i tempi strettamente necessari ad espletare le finalit\u00e0 primarie illustrate nella presente informativa, o comunque secondo quanto necessario per la tutela in sede civilistica sia dei tuoi interessi che di quelli della Societ\u00e0 e, in ogni caso, per non pi\u00f9 di 24 mesi.<\/p>\n<p><strong>9. I TUOI DIRITTI<\/strong><\/p>\n<p>Per esercitare i tuoi diritti, o ottenere alcuna ulteriore informazione o chiarimento in relazione alla presente informativa, ti preghiamo di contattare la Societ\u00e0 con le seguenti modalit\u00e0:<\/p>\n<p>\u2022 inviando una raccomandata a\/r alla sede legale della Societ\u00e0 (Viale Monza 265, Milano);<br \/>\n\u2022 inviando un messaggio di posta elettronica all&#8217;indirizzo: richieste_privacy@refine.direct.<\/p>\n<p>Puoi anche contattare il <strong>Responsabile della protezione dei dati<\/strong> (<strong>RPD<\/strong> o <strong>DPO<\/strong>) della Societ\u00e0, i cui dati di contatto sono di seguito riportati: indirizzo e-mail dpo@refine.direct.<\/p>\n<p>Ai sensi della Normativa Applicabile, gli Utenti hanno:<br \/>\n a. il diritto di revocare il consenso in qualsiasi momento, qualora il trattamento si basi sul loro consenso;<br \/>\n b. il diritto di accesso ai dati personali;<br \/>\n c. (laddove applicabile) il diritto alla portabilit\u00e0 dei dati (diritto di ricevere tutti i dati personali che li riguardano in un formato strutturato, di uso comune e leggibile da dispositivo automatico), il diritto alla limitazione del trattamento dei dati personali, il diritto alla rettifica e il diritto alla cancellazione (&#8220;diritto all&#8217;oblio&#8221;);<br \/>\n d. il diritto di opporsi:<br \/>\n  i. in tutto o in parte, per motivi legittimi al trattamento dei dati personali che li riguardano, ancorch\u00e9 pertinenti allo scopo della raccolta;<br \/>\n  ii. in tutto o in parte, al trattamento di dati personali che li riguardano a fini di invio di materiale pubblicitario o di vendita diretta o per il compimento di ricerche di mercato o di comunicazione commerciale;<br \/>\ne. qualora ritenessero che il trattamento che li riguarda violi il Regolamento, il diritto di proporre reclamo a un&#8217;Autorit\u00e0 di controllo (nello Stato membro in cui risiedono abitualmente, in quello in cui lavorano oppure in quello in cui si \u00e8 verificata la presunta violazione). L&#8217;Autorit\u00e0 di controllo italiana \u00e8 il Garante per la protezione dei dati personali, con sede in Piazza Venezia, n. 11, 00187 &#8211; Roma (RM) (<a href=\"http:\/\/www.garanteprivacy.it\/\" target=\"_blank\" rel=\"noopener\">http:\/\/www.garanteprivacy.it\/<\/a>).<\/p>\n<p><center>***<\/center><\/p>\n<p><small>La Societ\u00e0 non e\u0300 responsabile per l&#8217;aggiornamento di tutti i link visualizzabili nella presente informativa; pertanto, ogni qualvolta un link non sia funzionante e\/o aggiornato, gli Utenti riconoscono ed accettano che dovranno sempre far riferimento al documento e\/o sezione dei siti internet richiamati da tale link.<\/small>\n<\/div>\n","protected":false},"excerpt":{"rendered":"<p>La presente informativa (versione n. 2 del 21 ottobre 2025) \u00e8 resa da Refine Direct S.r.l. e riguarda le attivit\u00e0 che Refine Direct svolge per la fornitura di servizi di digital advertising ai clienti di Refine Direct stessa. 1. INTRODUZIONE \u2013 CHI SIAMO? Gentile Visitatore\/Visitatrice (di seguito, &#8220;Tu&#8221; o l&#8217;&#8221;Utente&#8220;), questa pagina \u00e8 di propriet\u00e0 [&hellip;]<\/p>\n","protected":false},"author":3,"featured_media":0,"parent":0,"menu_order":0,"comment_status":"closed","ping_status":"closed","template":"","meta":{"footnotes":""},"class_list":["post-1215","page","type-page","status-publish","hentry"],"_links":{"self":[{"href":"https:\/\/www.refine.direct\/it\/wp-json\/wp\/v2\/pages\/1215","targetHints":{"allow":["GET"]}}],"collection":[{"href":"https:\/\/www.refine.direct\/it\/wp-json\/wp\/v2\/pages"}],"about":[{"href":"https:\/\/www.refine.direct\/it\/wp-json\/wp\/v2\/types\/page"}],"author":[{"embeddable":true,"href":"https:\/\/www.refine.direct\/it\/wp-json\/wp\/v2\/users\/3"}],"replies":[{"embeddable":true,"href":"https:\/\/www.refine.direct\/it\/wp-json\/wp\/v2\/comments?post=1215"}],"version-history":[{"count":10,"href":"https:\/\/www.refine.direct\/it\/wp-json\/wp\/v2\/pages\/1215\/revisions"}],"predecessor-version":[{"id":1227,"href":"https:\/\/www.refine.direct\/it\/wp-json\/wp\/v2\/pages\/1215\/revisions\/1227"}],"wp:attachment":[{"href":"https:\/\/www.refine.direct\/it\/wp-json\/wp\/v2\/media?parent=1215"}],"curies":[{"name":"wp","href":"https:\/\/api.w.org\/{rel}","templated":true}]}}