{"id":1155,"date":"2024-09-09T12:10:52","date_gmt":"2024-09-09T10:10:52","guid":{"rendered":"https:\/\/www.refine.direct\/?page_id=1155"},"modified":"2024-09-09T12:17:32","modified_gmt":"2024-09-09T10:17:32","slug":"politica-de-privacidad","status":"publish","type":"page","link":"https:\/\/www.refine.direct\/es\/politica-de-privacidad\/","title":{"rendered":"POL\u00cdTICA DE PRIVACIDAD"},"content":{"rendered":"<style>\r\n.pmr p{margin: 1em 0;}\r\n.pmr a{color:black;text-decoration:underline;}\r\n<\/style>\r\n<div class=\"pmr\">\r\n\r\n<p align=\"center\"><small><em>La presente pol\u00edtica de privacidad tiene como objetivo proporcionar toda la informaci\u00f3n sobre el tratamiento de los datos personales realizado por <strong>Refine Direct S.r.l.<\/strong> cuando el Usuario navega en este sitio (como se indica a continuaci\u00f3n).<\/em><\/small><\/p>\r\n<br>\r\n\r\n\r\n<strong>1. INTRODUCCI\u00d3N \u2013 \u00bfQUI\u00c9NES SOMOS?<\/strong><br>\r\nRefine Direct S.r.l. con sede legal en Viale Monza, n. 265, 20126 \u2013 Mil\u00e1n, C\u00f3digo Fiscal\/N\u00famero de IVA 09419240966 (a continuaci\u00f3n, el \u00ab<strong>Responsable<\/strong>\u00ab), propietario del sitio internet https:\/\/refine.direct (a continuaci\u00f3n, el \u00ab<strong>Sitio<\/strong>\u00ab), en calidad de <strong>responsable del tratamiento de los datos personales<\/strong> de los usuarios que navegan en el Sitio (a continuaci\u00f3n, \u00ab<strong>Usuarios<\/strong>\u00ab) proporciona en adelante la pol\u00edtica de privacidad con arreglo al art. 13 del Reglamento UE 2016\/679 de 27 de abril de 2016 (a continuaci\u00f3n, \u00ab<strong>Reglamento<\/strong>\u00ab, o \u00ab<strong>Normativa Aplicable<\/strong>\u00ab).<br><br>\r\n\r\n<strong>2. \u00bfC\u00d3MO CONTACTARNOS?<\/strong><br>\r\nEl Responsable considera de suma importancia el derecho a la privacidad y la protecci\u00f3n de los datos personales de sus Usuarios. Para cualquier informaci\u00f3n relacionada con la presente pol\u00edtica de privacidad, los Usuarios pueden ponerse en <strong>contacto con el Responsable<\/strong> en cualquier momento, utilizando los siguientes m\u00e9todos:<br>\r\n&#8211;\tEnviando una carta certificada con acuse de recibo a la sede legal del Responsable: Viale Monza, n. 265, 20126 Mil\u00e1n;<br>\r\n&#8211;\tEnviando un mensaje de correo electr\u00f3nico certificado: pec@pec.refine.direct;<br>\r\n&#8211;\tUtilizando el formulario de contacto disponible haciendo <a href=\"https:\/\/www.refine.direct\/contatti\/\">clic aqu\u00ed<\/a>.<br><br>\r\n\r\nLos Usuarios tambi\u00e9n pueden <strong>ponerse en contacto con el Delegado de la protecci\u00f3n de datos<\/strong> (<strong>RPD<\/strong> o <strong>DPO<\/strong>) del Responsable, cuyos datos de contacto se indican a continuaci\u00f3n: dpo@refine.direct<br><br>\r\n\r\n<strong>3. \u00bfQU\u00c9 HACEMOS? \u2013 FINALIDAD DEL TRATAMIENTO<\/strong><br>\r\nA trav\u00e9s de la navegaci\u00f3n en el Sitio, el Usuario puede solicitar informaci\u00f3n sobre los servicios ofrecidos por el Responsable. En relaci\u00f3n con las actividades que se pueden realizar a trav\u00e9s del Sitio, el Responsable recoge datos personales relacionados con los Usuarios.<br><br>\r\n\r\nEste Sitio y los servicios que se puedan ofrecer a trav\u00e9s del mismo est\u00e1n reservados a personas mayores de dieciocho a\u00f1os de edad. Por lo tanto, el Responsable no recoge datos personales relacionados con personas menores de 18 a\u00f1os. A solicitud de los Usuarios, el Responsable eliminar\u00e1 r\u00e1pidamente todos los datos personales recolectados involuntariamente y relacionados con personas menores de 18 a\u00f1os.<br><br>\r\n\r\nEn particular, los datos personales de los Usuarios ser\u00e1n tratados legalmente por el Responsable para los siguientes finalidades de tratamiento:<br><br>\r\n\r\na) <strong><u>Permitir la navegaci\u00f3n en el Sitio<\/u><\/strong>: Los datos del Usuario recogidos por el Responsable para este fin incluyen todos los datos personales cuya transmisi\u00f3n es impl\u00edcita en el uso de los protocolos de comunicaci\u00f3n de Internet, que los sistemas inform\u00e1ticos y los procedimientos de software destinados al funcionamiento del Sitio adquieren durante su funcionamiento normal: las direcciones IP o las direcciones en notaci\u00f3n URI (<em>Uniform Resource Identifier<\/em>) de los recursos solicitados, el horario de la solicitud, el m\u00e9todo utilizado para enviar la solicitud al servidor, el tama\u00f1o del archivo obtenido en respuesta y otros par\u00e1metros t\u00e9cnicos. Estos datos se utilizan \u00fanicamente para permitir el correcto y seguro funcionamiento del Sitio.<br>\r\nb) <strong><u>Obligaciones contractuales y gesti\u00f3n de la solicitud del Usuario<\/u><\/strong>: Los datos personales de los Usuarios son recogidos y tratados por el Responsable \u00fanicamente para gestionar la relaci\u00f3n contractual con el Responsable y para cumplir con solicitudes espec\u00edficas del Usuario. Los datos del Usuario recogidos para este fin incluyen: el nombre, el apellido, la direcci\u00f3n de correo electr\u00f3nico, el n\u00famero de tel\u00e9fono, as\u00ed como toda la informaci\u00f3n personal del Usuario que pueda haber sido comunicada de forma voluntaria. Los datos personales del Usuario ser\u00e1n utilizados por el Responsable con el \u00fanico fin de verificar la identidad del Usuario, evitando as\u00ed posibles fraudes o abusos, y contactar al Usuario solo por razones de servicio (por ejemplo, para responder a la solicitud). Sin perjuicio de lo establecido en otras partes de esta pol\u00edtica de privacidad, en ning\u00fan caso el Responsable har\u00e1 accesibles los datos personales de los Usuarios a otros Usuarios y\/o a terceros.<br>\r\nc) <strong><u>Finalidades administrativo-contables<\/u><\/strong>: Es decir, para realizar actividades de naturaleza organizativa, administrativa, financiera y contable, tales como actividades organizativas internas y actividades funcionales al cumplimiento de obligaciones contractuales y precontractuales.<br>\r\nd) <strong><u>Obligaciones legales<\/u><\/strong>: Es decir, para cumplir con obligaciones previstas por la ley, por una autoridad, por un reglamento o por la normativa europea.<br><br>\r\n\r\nLa provisi\u00f3n de datos personales para las finalidades de tratamiento mencionadas anteriormente es opcional pero necesaria, ya que la falta de provisi\u00f3n de los mismos impedir\u00e1 al Usuario realizar su solicitud al Responsable.<br><br>\r\n\r\nLos datos personales que son necesarios para perseguir las finalidades de tratamiento descritas en este p\u00e1rrafo 3 est\u00e1n indicados con un asterisco en el formulario de contacto del Sitio.<br><br>\r\n\r\n<strong>4. BASE JUR\u00cdDICA<\/strong><br>\r\n<strong><u>Permitir la navegaci\u00f3n en el Sitio<\/u><\/strong> (como se describe en el p\u00e1rrafo anterior 3, letra a)): la base jur\u00eddica se encuentra en el art\u00edculo 6, apartado 1, letra b) del Reglamento, es decir, el tratamiento es necesario para la ejecuci\u00f3n de un contrato del cual el Usuario es parte o para la ejecuci\u00f3n de medidas precontractuales adoptadas a solicitud del mismo.<br><br>\r\n\r\n<strong><u>Obligaciones contractuales y prestaci\u00f3n del Servicio<\/u><\/strong> (como se describe en el p\u00e1rrafo anterior 3, letra b)): la base jur\u00eddica se encuentra en el art\u00edculo 6, apartado 1, letra b) del Reglamento, es decir, el tratamiento es necesario para la ejecuci\u00f3n de un contrato del cual el Usuario es parte o para la ejecuci\u00f3n de medidas precontractuales adoptadas a solicitud del mismo.<br><br>\r\n\r\n<strong><u>Finalidades administrativo-contables<\/u><\/strong> (como se describe en el p\u00e1rrafo anterior 3, letra c)): la base jur\u00eddica se encuentra en el art\u00edculo 6, apartado 1, letra b) del Reglamento, ya que el tratamiento es necesario para la ejecuci\u00f3n de un contrato y\/o para la ejecuci\u00f3n de medidas precontractuales adoptadas a solicitud del Usuario.<br><br>\r\n\r\n<strong><u>Obligaciones legales<\/u><\/strong> (como se describe en el p\u00e1rrafo anterior 3, letra d)): la base jur\u00eddica se encuentra en el art\u00edculo 6, apartado 1, letra c) del Reglamento, ya que el tratamiento es necesario para cumplir con una obligaci\u00f3n legal a la que est\u00e1 sujeto el Responsable del tratamiento.<br><br>\r\n\r\n<strong>5. MODALIDADES DE TRATAMIENTO Y TIEMPOS DE CONSERVACI\u00d3N DE LOS DATOS<\/strong><br>\r\nEl Responsable tratar\u00e1 los datos personales de los Usuarios mediante herramientas manuales e inform\u00e1ticas, con l\u00f3gicas estrictamente relacionadas con las finalidades y, en cualquier caso, de manera que se garantice la seguridad y la confidencialidad de los datos.<br><br>\r\n\r\nLos datos personales de los Usuarios del Sitio se conservar\u00e1n por el tiempo estrictamente necesario para cumplir con las finalidades principales descritas en el p\u00e1rrafo anterior 3, y de todos modos, seg\u00fan lo necesario para la protecci\u00f3n en sede civil de los intereses tanto de los Usuarios como del Responsable.<br>\r\nEn particular:<br>\r\n&#8211; los datos personales del Usuario recogidos para permitir la correcta navegaci\u00f3n en el Sitio (p\u00e1rrafo 3, letra a)) ser\u00e1n tratados por un per\u00edodo de 90 d\u00edas.<br>\r\n&#8211; los datos personales del Usuario recogidos para las finalidades mencionadas en los p\u00e1rrafos 3 letras b), c) y d) ser\u00e1n conservados por el Responsable durante toda la duraci\u00f3n de la relaci\u00f3n contractual entre las partes y posteriormente, con arreglo a los plazos previstos por la ley.<br><br>\r\n\r\n<strong>6. \u00c1MBITO DE COMUNICACI\u00d3N Y DIFUSI\u00d3N DE LOS DATOS<\/strong><br>\r\nLos datos personales del Usuario podr\u00e1n ser transferidos fuera de la Uni\u00f3n Europea y, en tal caso, el Responsable se asegurar\u00e1 de que la transferencia se realice de acuerdo con la Normativa Aplicable y, en particular, conforme a los art\u00edculos 45 (Transferencia basada en una decisi\u00f3n de adecuaci\u00f3n) y 46 (Transferencia sujeta a garant\u00edas adecuadas) del Reglamento.<br><br>\r\n\r\nPodr\u00e1n conocer los datos personales de los Usuarios los empleados y\/o colaboradores del Responsable encargados de gestionar el Sitio y las solicitudes de los Usuarios. Estas personas, que han sido instruidas al respecto por el Responsable con arreglo al art\u00edculo 29 del Reglamento, tratar\u00e1n los datos del Usuario exclusivamente para las finalidades indicadas en esta pol\u00edtica y en cumplimiento con las disposiciones de la Normativa Aplicable.<br><br>\r\n\r\nAdem\u00e1s, podr\u00e1n conocer los datos personales de los Usuarios los terceros que puedan tratar datos personales en nombre del Responsable en calidad de Encargados del Tratamiento, tales como, a t\u00edtulo ejemplificativo, proveedores de servicios inform\u00e1ticos y log\u00edsticos necesarios para el funcionamiento del Sitio, proveedores de servicios de outsourcing o computaci\u00f3n en la nube, proveedores de software CRM, profesionales y consultores.<br><br>\r\n\r\nLos Usuarios tienen el derecho a obtener una lista de los posibles encargados del tratamiento nombrados por el Responsable, solicit\u00e1ndolo al Responsable mediante los m\u00e9todos indicados en el siguiente p\u00e1rrafo 7.<br><br>\r\n\r\n<strong>7. DERECHOS DE LOS INTERESADOS<\/strong><br>\r\nLos Usuarios podr\u00e1n ejercer los derechos garantizados por la Normativa Aplicable, contactando al Responsable mediante los siguientes m\u00e9todos:<br>\r\n&#8211;\tEnviando una carta certificada con acuse de recibo a la sede legal del Responsable:  Viale Monza, n. 265, 20126 \u2013 Mil\u00e1n;<br>\r\n&#8211;\tEnviando un mensaje de correo electr\u00f3nico certificado: pec@pec.refine.direct;<br>\r\n&#8211;\tUtilizando el formulario de contacto disponible haciendo <a href=\"https:\/\/www.refine.direct\/contatti\/\">clic aqu\u00ed<\/a>.<br><br>\r\n\r\nLos Usuarios tambi\u00e9n pueden contactar al <strong>Delegado de la protecci\u00f3n de datos<\/strong> (<strong>RPD<\/strong> o <strong>DPO<\/strong>) del Responsable, cuyos datos de contacto se indican a continuaci\u00f3n: dpo@refine.direct<br><br>\r\n\r\nCon arreglo a la Normativa Aplicable, el Responsable informa que los Usuarios tienen el derecho a obtener la indicaci\u00f3n de: (i) el origen de los datos personales; (ii) las finalidades y modalidades del tratamiento; (iii) la l\u00f3gica aplicada en caso de tratamiento realizado con el auxilio de instrumentos electr\u00f3nicos; (iv) los datos de identificaci\u00f3n del Responsable y de los encargados; (v) los sujetos o categor\u00edas de sujetos a quienes los datos personales pueden ser comunicados o que pueden tener acceso a ellos en calidad de encargados o responsables.<br><br>\r\n\r\nAdem\u00e1s, los Usuarios tienen el derecho a obtener:<br>\r\na) El acceso, la actualizaci\u00f3n, la rectificaci\u00f3n o, cuando lo deseen, el completamiento de los datos;<br>\r\nb) La eliminaci\u00f3n, la transformaci\u00f3n en forma an\u00f3nima o la limitaci\u00f3n de los datos tratados en violaci\u00f3n de la ley, incluidos aquellos para los cuales no es necesaria su conservaci\u00f3n en relaci\u00f3n con los fines para los que fueron recogidos o posteriormente tratados;<br>\r\nc) La confirmaci\u00f3n de que las operaciones mencionadas en las letras a) y b) han sido comunicadas, tambi\u00e9n en cuanto a su contenido, a aquellos a quienes se han comunicado o difundido los datos, excepto en los casos en que dicha comunicaci\u00f3n resulte imposible o implique un uso de medios claramente desproporcionado en relaci\u00f3n con el derecho protegido.<br><br>\r\n\r\nAdem\u00e1s, los Usuarios tienen:<br>\r\na) El derecho de revocar el consentimiento en cualquier momento, siempre que el tratamiento se base en su consentimiento;<br>\r\nb) El derecho (cuando sea aplicable) a la portabilidad de los datos (derecho a recibir todos los datos personales que les conciernen en un formato estructurado, de uso com\u00fan y legible por un dispositivo autom\u00e1tico);<br>\r\nc) El derecho a oponerse:<br>\r\ni) Total o parcialmente, por motivos leg\u00edtimos, al tratamiento de datos personales que les conciernen, aunque sean pertinentes al prop\u00f3sito de la recogida.<br>\r\nii) Total o parcialmente, al tratamiento de datos personales que les conciernen con fines de env\u00edo de material publicitario o de venta directa, o para la realizaci\u00f3n de investigaciones de mercado o comunicaci\u00f3n comercial;<br>\r\niii) Cuando los datos personales sean tratados con fines de mercadotecnia directa, en cualquier momento, al tratamiento de sus datos realizado con tal finalidad, incluida la elaboraci\u00f3n de perfiles en la medida en que est\u00e9 relacionada con dicha mercadotecnia directa.<br>\r\nd) En caso de considerar que el tratamiento que les concierne viola el Reglamento, el derecho a presentar una reclamaci\u00f3n ante una Autoridad de control (en el Estado miembro en el que residan habitualmente, en el que trabajen o en el que se haya producido la presunta infracci\u00f3n). La Autoridad de control en Italia es el Garante para la protecci\u00f3n de los datos personales, con sede en Piazza Venecia n. 11, 00187 \u2013 Roma (<a href=\"https:\/\/www.garanteprivacy.it\/\">https:\/\/www.garanteprivacy.it\/<\/a>).<br>\r\n\r\n<center>***<\/center>\r\n\r\nEl Responsable no es responsable de la actualizaci\u00f3n de todos los enlaces visibles en la presente nota informativa. Por lo tanto, cada vez que un enlace no funcione y\/o no est\u00e9 actualizado, los Usuarios reconocen y aceptan que deber\u00e1n referirse siempre al documento y\/o secci\u00f3n de los sitios web mencionados en dicho enlace.\r\n<\/div>","protected":false},"excerpt":{"rendered":"<p>La presente pol\u00edtica de privacidad tiene como objetivo proporcionar toda la informaci\u00f3n sobre el tratamiento de los datos personales realizado por Refine Direct S.r.l. cuando el Usuario navega en este sitio (como se indica a continuaci\u00f3n). 1. INTRODUCCI\u00d3N \u2013 \u00bfQUI\u00c9NES SOMOS? Refine Direct S.r.l. con sede legal en Viale Monza, n. 265, 20126 \u2013 Mil\u00e1n, [&hellip;]<\/p>\n","protected":false},"author":3,"featured_media":0,"parent":0,"menu_order":0,"comment_status":"closed","ping_status":"open","template":"","meta":{"footnotes":""},"class_list":["post-1155","page","type-page","status-publish","hentry"],"_links":{"self":[{"href":"https:\/\/www.refine.direct\/es\/wp-json\/wp\/v2\/pages\/1155","targetHints":{"allow":["GET"]}}],"collection":[{"href":"https:\/\/www.refine.direct\/es\/wp-json\/wp\/v2\/pages"}],"about":[{"href":"https:\/\/www.refine.direct\/es\/wp-json\/wp\/v2\/types\/page"}],"author":[{"embeddable":true,"href":"https:\/\/www.refine.direct\/es\/wp-json\/wp\/v2\/users\/3"}],"replies":[{"embeddable":true,"href":"https:\/\/www.refine.direct\/es\/wp-json\/wp\/v2\/comments?post=1155"}],"version-history":[{"count":5,"href":"https:\/\/www.refine.direct\/es\/wp-json\/wp\/v2\/pages\/1155\/revisions"}],"predecessor-version":[{"id":1160,"href":"https:\/\/www.refine.direct\/es\/wp-json\/wp\/v2\/pages\/1155\/revisions\/1160"}],"wp:attachment":[{"href":"https:\/\/www.refine.direct\/es\/wp-json\/wp\/v2\/media?parent=1155"}],"curies":[{"name":"wp","href":"https:\/\/api.w.org\/{rel}","templated":true}]}}